{"id":1947,"date":"2023-07-28T16:39:53","date_gmt":"2023-07-28T14:39:53","guid":{"rendered":"https:\/\/www.artsignsproject.eu\/platform\/?page_id=1947"},"modified":"2023-07-28T16:39:53","modified_gmt":"2023-07-28T14:39:53","slug":"video-eticheta","status":"publish","type":"page","link":"https:\/\/www.artsignsproject.eu\/platform\/ro\/video-eticheta\/","title":{"rendered":"Video eticheta"},"content":{"rendered":"<div class=\"aiovg aiovg-tags-list\"><a href=\"https:\/\/www.artsignsproject.eu\/platform\/nl\/video-tag\/algemene-tekens-voor-begroetingen-en-het-helpen-van-doof-publiek\/\" class=\"tag-cloud-link tag-link-67 tag-link-position-1\" style=\"font-size: 8pt;\" aria-label=\"Algemene tekens voor begroetingen en het helpen van doof publiek (15 items)\">Algemene tekens voor begroetingen en het helpen van doof publiek<\/a>\n<a href=\"https:\/\/www.artsignsproject.eu\/platform\/nl\/video-tag\/architecturen\/\" class=\"tag-cloud-link tag-link-52 tag-link-position-2\" style=\"font-size: 8pt;\" aria-label=\"Architecturen (15 items)\">Architecturen<\/a>\n<a href=\"https:\/\/www.artsignsproject.eu\/platform\/sk\/video-tag\/architektury\/\" class=\"tag-cloud-link tag-link-44 tag-link-position-3\" style=\"font-size: 8pt;\" aria-label=\"Architekt\u00fary (15 items)\">Architekt\u00fary<\/a>\n<a href=\"https:\/\/www.artsignsproject.eu\/platform\/it\/video-tag\/architettura-it\/\" class=\"tag-cloud-link tag-link-36 tag-link-position-4\" style=\"font-size: 8pt;\" aria-label=\"Architettura (15 items)\">Architettura<\/a>\n<a href=\"https:\/\/www.artsignsproject.eu\/platform\/ro\/video-tag\/arhitectura\/\" class=\"tag-cloud-link tag-link-48 tag-link-position-5\" style=\"font-size: 8pt;\" aria-label=\"Arhitectura (15 items)\">Arhitectura<\/a>\n<a href=\"https:\/\/www.artsignsproject.eu\/platform\/es\/video-tag\/arquitecturas\/\" class=\"tag-cloud-link tag-link-54 tag-link-position-6\" style=\"font-size: 8pt;\" aria-label=\"Arquitecturas (15 items)\">Arquitecturas<\/a>\n<a href=\"https:\/\/www.artsignsproject.eu\/platform\/es\/video-tag\/artistas-de-fama-mundial\/\" class=\"tag-cloud-link tag-link-70 tag-link-position-7\" style=\"font-size: 8pt;\" aria-label=\"Artistas de fama mundial (15 items)\">Artistas de fama mundial<\/a>\n<a href=\"https:\/\/www.artsignsproject.eu\/platform\/it\/video-tag\/artisti-di-fama-mondiale\/\" class=\"tag-cloud-link tag-link-38 tag-link-position-8\" style=\"font-size: 8pt;\" aria-label=\"Artisti di fama mondiale (15 items)\">Artisti di fama mondiale<\/a>\n<a href=\"https:\/\/www.artsignsproject.eu\/platform\/ro\/video-tag\/artisti-de-renume-mondial\/\" class=\"tag-cloud-link tag-link-76 tag-link-position-9\" style=\"font-size: 8pt;\" aria-label=\"Arti\u0219ti de renume mondial (15 items)\">Arti\u0219ti de renume mondial<\/a>\n<a href=\"https:\/\/www.artsignsproject.eu\/platform\/es\/video-tag\/formas-de-arte\/\" class=\"tag-cloud-link tag-link-83 tag-link-position-10\" style=\"font-size: 8pt;\" aria-label=\"Formas de arte (15 items)\">Formas de arte<\/a>\n<a href=\"https:\/\/www.artsignsproject.eu\/platform\/ro\/video-tag\/forme-de-arta\/\" class=\"tag-cloud-link tag-link-89 tag-link-position-11\" style=\"font-size: 8pt;\" aria-label=\"Forme de art\u0103 (15 items)\">Forme de art\u0103<\/a>\n<a href=\"https:\/\/www.artsignsproject.eu\/platform\/it\/video-tag\/forme-darte-it\/\" class=\"tag-cloud-link tag-link-39 tag-link-position-12\" style=\"font-size: 8pt;\" aria-label=\"Forme d\u2019arte (15 items)\">Forme d\u2019arte<\/a>\n<a href=\"https:\/\/www.artsignsproject.eu\/platform\/sk\/video-tag\/formy-umenia\/\" class=\"tag-cloud-link tag-link-93 tag-link-position-13\" style=\"font-size: 8pt;\" aria-label=\"Formy umenia (15 items)\">Formy umenia<\/a>\n<a href=\"https:\/\/www.artsignsproject.eu\/platform\/video-tag\/general-signs-for-greetings-and-helping-deaf-audiences\/\" class=\"tag-cloud-link tag-link-59 tag-link-position-14\" style=\"font-size: 8pt;\" aria-label=\"General signs for greetings and helping deaf audiences (15 items)\">General signs for greetings and helping deaf audiences<\/a>\n<a href=\"https:\/\/www.artsignsproject.eu\/platform\/nl\/video-tag\/kunstbewegingen\/\" class=\"tag-cloud-link tag-link-128 tag-link-position-15\" style=\"font-size: 8pt;\" aria-label=\"Kunstbewegingen (15 items)\">Kunstbewegingen<\/a>\n<a href=\"https:\/\/www.artsignsproject.eu\/platform\/ro\/video-tag\/materiale-folosite-in-arta\/\" class=\"tag-cloud-link tag-link-106 tag-link-position-16\" style=\"font-size: 8pt;\" aria-label=\"Materiale folosite \u00een art\u0103 (15 items)\">Materiale folosite \u00een art\u0103<\/a>\n<a href=\"https:\/\/www.artsignsproject.eu\/platform\/nl\/video-tag\/materialen-die-in-de-kunst-worden-gebruikt\/\" class=\"tag-cloud-link tag-link-104 tag-link-position-17\" style=\"font-size: 8pt;\" aria-label=\"Materialen die in de kunst worden gebruikt (15 items)\">Materialen die in de kunst worden gebruikt<\/a>\n<a href=\"https:\/\/www.artsignsproject.eu\/platform\/es\/video-tag\/materiales-utilizados-en-las-artes\/\" class=\"tag-cloud-link tag-link-98 tag-link-position-18\" style=\"font-size: 8pt;\" aria-label=\"Materiales utilizados en las artes (15 items)\">Materiales utilizados en las artes<\/a>\n<a href=\"https:\/\/www.artsignsproject.eu\/platform\/it\/video-tag\/materiali-usati-nellarte-it\/\" class=\"tag-cloud-link tag-link-40 tag-link-position-19\" style=\"font-size: 8pt;\" aria-label=\"Materiali usati nell\u2019arte (15 items)\">Materiali usati nell\u2019arte<\/a>\n<a href=\"https:\/\/www.artsignsproject.eu\/platform\/sk\/video-tag\/materialy-pouzivane-v-umeni\/\" class=\"tag-cloud-link tag-link-108 tag-link-position-20\" style=\"font-size: 8pt;\" aria-label=\"Materi\u00e1ly pou\u017e\u00edvan\u00e9 v umen\u00ed (15 items)\">Materi\u00e1ly pou\u017e\u00edvan\u00e9 v umen\u00ed<\/a>\n<a href=\"https:\/\/www.artsignsproject.eu\/platform\/it\/video-tag\/mitologia-it\/\" class=\"tag-cloud-link tag-link-41 tag-link-position-21\" style=\"font-size: 8pt;\" aria-label=\"Mitologia (15 items)\">Mitologia<\/a>\n<a href=\"https:\/\/www.artsignsproject.eu\/platform\/ro\/video-tag\/mitologie\/\" class=\"tag-cloud-link tag-link-118 tag-link-position-22\" style=\"font-size: 8pt;\" aria-label=\"Mitologie (15 items)\">Mitologie<\/a>\n<a href=\"https:\/\/www.artsignsproject.eu\/platform\/es\/video-tag\/mitologia-es\/\" class=\"tag-cloud-link tag-link-110 tag-link-position-23\" style=\"font-size: 8pt;\" aria-label=\"Mitolog\u00eda (15 items)\">Mitolog\u00eda<\/a>\n<a href=\"https:\/\/www.artsignsproject.eu\/platform\/ro\/video-tag\/miscari-artistice\/\" class=\"tag-cloud-link tag-link-130 tag-link-position-24\" style=\"font-size: 8pt;\" aria-label=\"Mi\u0219c\u0103ri artistice (15 items)\">Mi\u0219c\u0103ri artistice<\/a>\n<a href=\"https:\/\/www.artsignsproject.eu\/platform\/it\/video-tag\/movimenti-artistici-it\/\" class=\"tag-cloud-link tag-link-42 tag-link-position-25\" style=\"font-size: 8pt;\" aria-label=\"Movimenti artistici (15 items)\">Movimenti artistici<\/a>\n<a href=\"https:\/\/www.artsignsproject.eu\/platform\/es\/video-tag\/movimientos-artisticos\/\" class=\"tag-cloud-link tag-link-122 tag-link-position-26\" style=\"font-size: 8pt;\" aria-label=\"Movimientos art\u00edsticos (15 items)\">Movimientos art\u00edsticos<\/a>\n<a href=\"https:\/\/www.artsignsproject.eu\/platform\/nl\/video-tag\/mythologie\/\" class=\"tag-cloud-link tag-link-116 tag-link-position-27\" style=\"font-size: 8pt;\" aria-label=\"Mythologie (15 items)\">Mythologie<\/a>\n<a href=\"https:\/\/www.artsignsproject.eu\/platform\/sk\/video-tag\/mytologia\/\" class=\"tag-cloud-link tag-link-120 tag-link-position-28\" style=\"font-size: 8pt;\" aria-label=\"Mytol\u00f3gia (15 items)\">Mytol\u00f3gia<\/a>\n<a href=\"https:\/\/www.artsignsproject.eu\/platform\/it\/video-tag\/segni-generici-per-salutare-e-aiutare-il-pubblico-sordo-it\/\" class=\"tag-cloud-link tag-link-37 tag-link-position-29\" style=\"font-size: 8pt;\" aria-label=\"Segni generici per salutare e aiutare il pubblico sordo (15 items)\">Segni generici per salutare e aiutare il pubblico sordo<\/a>\n<a href=\"https:\/\/www.artsignsproject.eu\/platform\/ro\/video-tag\/semne-generale-pentru-intampinarea-si-ajutarea-publicului-surd\/\" class=\"tag-cloud-link tag-link-61 tag-link-position-30\" style=\"font-size: 8pt;\" aria-label=\"Semne generale pentru \u00eent\u00e2mpinarea \u0219i ajutarea publicului surd (15 items)\">Semne generale pentru \u00eent\u00e2mpinarea \u0219i ajutarea publicului surd<\/a>\n<a href=\"https:\/\/www.artsignsproject.eu\/platform\/es\/video-tag\/senales-generales-de-saludo-y-ayuda-al-publico-sordo\/\" class=\"tag-cloud-link tag-link-65 tag-link-position-31\" style=\"font-size: 8pt;\" aria-label=\"Se\u00f1ales generales de saludo y ayuda al p\u00fablico sordo (15 items)\">Se\u00f1ales generales de saludo y ayuda al p\u00fablico sordo<\/a>\n<a href=\"https:\/\/www.artsignsproject.eu\/platform\/sk\/video-tag\/svetoznami-umelci\/\" class=\"tag-cloud-link tag-link-80 tag-link-position-32\" style=\"font-size: 8pt;\" aria-label=\"Svetozn\u00e1mi umelci (15 items)\">Svetozn\u00e1mi umelci<\/a>\n<a href=\"https:\/\/www.artsignsproject.eu\/platform\/sk\/video-tag\/umelecke-hnutia\/\" class=\"tag-cloud-link tag-link-132 tag-link-position-33\" style=\"font-size: 8pt;\" aria-label=\"Umeleck\u00e9 hnutia (15 items)\">Umeleck\u00e9 hnutia<\/a>\n<a href=\"https:\/\/www.artsignsproject.eu\/platform\/nl\/video-tag\/vormen-van-kunst\/\" class=\"tag-cloud-link tag-link-87 tag-link-position-34\" style=\"font-size: 8pt;\" aria-label=\"Vormen van kunst (15 items)\">Vormen van kunst<\/a>\n<a href=\"https:\/\/www.artsignsproject.eu\/platform\/sk\/video-tag\/vseobecne-posunky-na-pozdravy-a-pomoc-nepocujucim-publiku\/\" class=\"tag-cloud-link tag-link-57 tag-link-position-35\" style=\"font-size: 8pt;\" aria-label=\"V\u0161eobecn\u00e9 posunky na pozdravy a pomoc Nepo\u010duj\u00facim publiku (15 items)\">V\u0161eobecn\u00e9 posunky na pozdravy a pomoc Nepo\u010duj\u00facim publiku<\/a>\n<a href=\"https:\/\/www.artsignsproject.eu\/platform\/nl\/video-tag\/wereldberoemde-artiesten\/\" class=\"tag-cloud-link tag-link-72 tag-link-position-36\" style=\"font-size: 8pt;\" aria-label=\"Wereldberoemde artiesten (15 items)\">Wereldberoemde artiesten<\/a>\n<a href=\"https:\/\/www.artsignsproject.eu\/platform\/el\/video-tag\/%ce%b1%cf%81%cf%87%ce%b9%cf%84%ce%b5%ce%ba%cf%84%ce%bf%ce%bd%ce%b9%ce%ba%ce%ad%cf%82\/\" class=\"tag-cloud-link tag-link-50 tag-link-position-37\" style=\"font-size: 8pt;\" aria-label=\"\u0391\u03c1\u03c7\u03b9\u03c4\u03b5\u03ba\u03c4\u03bf\u03bd\u03b9\u03ba\u03ad\u03c2 (15 items)\">\u0391\u03c1\u03c7\u03b9\u03c4\u03b5\u03ba\u03c4\u03bf\u03bd\u03b9\u03ba\u03ad\u03c2<\/a>\n<a href=\"https:\/\/www.artsignsproject.eu\/platform\/el\/video-tag\/%ce%b3%ce%b5%ce%bd%ce%b9%ce%ba%ce%ac-%ce%bd%ce%bf%ce%ae%ce%bc%ce%b1%cf%84%ce%b1-%ce%b3%ce%b9%ce%b1-%cf%87%ce%b1%ce%b9%cf%81%ce%b5%cf%84%ce%b9%cf%83%ce%bc%ce%bf%cf%8d%cf%82-%ce%ba%ce%b1%ce%b9-%ce%b5\/\" class=\"tag-cloud-link tag-link-63 tag-link-position-38\" style=\"font-size: 8pt;\" aria-label=\"\u0393\u03b5\u03bd\u03b9\u03ba\u03ac \u03bd\u03bf\u03ae\u03bc\u03b1\u03c4\u03b1 \u03b3\u03b9\u03b1 \u03c7\u03b1\u03b9\u03c1\u03b5\u03c4\u03b9\u03c3\u03bc\u03bf\u03cd\u03c2 \u03ba\u03b1\u03b9 \u03b5\u03be\u03c5\u03c0\u03b7\u03c1\u03ad\u03c4\u03b7\u03c3\u03b7\u03c2 \u03ba\u03c9\u03c6\u03ce\u03bd \u03ae \u03ac\u03c4\u03bf\u03bc\u03b1 \u03bc\u03b5 \u03b1\u03c0\u03ce\u03bb\u03b5\u03b9\u03b1 \u03b1\u03ba\u03bf\u03ae\u03c2 \u03b3\u03b9\u03b1 \u03b8\u03ad\u03bc\u03b1\u03c4\u03b1 \u03ba\u03b1\u03b8\u03b7\u03bc\u03b5\u03c1\u03b9\u03bd\u03ae\u03c2 \u03b1\u03bd\u03ac\u03b3\u03ba\u03b7\u03c2 (15 items)\">\u0393\u03b5\u03bd\u03b9\u03ba\u03ac \u03bd\u03bf\u03ae\u03bc\u03b1\u03c4\u03b1 \u03b3\u03b9\u03b1 \u03c7\u03b1\u03b9\u03c1\u03b5\u03c4\u03b9\u03c3\u03bc\u03bf\u03cd\u03c2 \u03ba\u03b1\u03b9 \u03b5\u03be\u03c5\u03c0\u03b7\u03c1\u03ad\u03c4\u03b7\u03c3\u03b7\u03c2 \u03ba\u03c9\u03c6\u03ce\u03bd \u03ae \u03ac\u03c4\u03bf\u03bc\u03b1 \u03bc\u03b5 \u03b1\u03c0\u03ce\u03bb\u03b5\u03b9\u03b1 \u03b1\u03ba\u03bf\u03ae\u03c2 \u03b3\u03b9\u03b1 \u03b8\u03ad\u03bc\u03b1\u03c4\u03b1 \u03ba\u03b1\u03b8\u03b7\u03bc\u03b5\u03c1\u03b9\u03bd\u03ae\u03c2 \u03b1\u03bd\u03ac\u03b3\u03ba\u03b7\u03c2<\/a>\n<a href=\"https:\/\/www.artsignsproject.eu\/platform\/el\/video-tag\/%ce%ba%ce%b1%ce%bb%ce%bb%ce%b9%cf%84%ce%b5%cf%87%ce%bd%ce%b9%ce%ba%ce%ac-%ce%ba%ce%b9%ce%bd%ce%ae%ce%bc%ce%b1%cf%84%ce%b1\/\" class=\"tag-cloud-link tag-link-124 tag-link-position-39\" style=\"font-size: 8pt;\" aria-label=\"\u039a\u03b1\u03bb\u03bb\u03b9\u03c4\u03b5\u03c7\u03bd\u03b9\u03ba\u03ac \u03ba\u03b9\u03bd\u03ae\u03bc\u03b1\u03c4\u03b1 (15 items)\">\u039a\u03b1\u03bb\u03bb\u03b9\u03c4\u03b5\u03c7\u03bd\u03b9\u03ba\u03ac \u03ba\u03b9\u03bd\u03ae\u03bc\u03b1\u03c4\u03b1<\/a>\n<a href=\"https:\/\/www.artsignsproject.eu\/platform\/el\/video-tag\/%ce%bc%ce%bf%cf%81%cf%86%ce%ad%cf%82-%cf%84%ce%ad%cf%87%ce%bd%ce%b7%cf%82\/\" class=\"tag-cloud-link tag-link-85 tag-link-position-40\" style=\"font-size: 8pt;\" aria-label=\"\u039c\u03bf\u03c1\u03c6\u03ad\u03c2 \u03c4\u03ad\u03c7\u03bd\u03b7\u03c2 (15 items)\">\u039c\u03bf\u03c1\u03c6\u03ad\u03c2 \u03c4\u03ad\u03c7\u03bd\u03b7\u03c2<\/a>\n<a href=\"https:\/\/www.artsignsproject.eu\/platform\/el\/video-tag\/%ce%bc%cf%85%ce%b8%ce%bf%ce%bb%ce%bf%ce%b3%ce%af%ce%b1\/\" class=\"tag-cloud-link tag-link-112 tag-link-position-41\" style=\"font-size: 8pt;\" aria-label=\"\u039c\u03c5\u03b8\u03bf\u03bb\u03bf\u03b3\u03af\u03b1 (15 items)\">\u039c\u03c5\u03b8\u03bf\u03bb\u03bf\u03b3\u03af\u03b1<\/a>\n<a href=\"https:\/\/www.artsignsproject.eu\/platform\/el\/video-tag\/%cf%80%ce%b1%ce%b3%ce%ba%ce%bf%cf%83%ce%bc%ce%af%ce%bf%cf%85-%cf%86%ce%ae%ce%bc%ce%b7%cf%82-%ce%ba%ce%b1%ce%bb%ce%bb%ce%b9%cf%84%ce%ad%cf%87%ce%bd%ce%b5%cf%82\/\" class=\"tag-cloud-link tag-link-74 tag-link-position-42\" style=\"font-size: 8pt;\" aria-label=\"\u03a0\u03b1\u03b3\u03ba\u03bf\u03c3\u03bc\u03af\u03bf\u03c5 \u03c6\u03ae\u03bc\u03b7\u03c2 \u03ba\u03b1\u03bb\u03bb\u03b9\u03c4\u03ad\u03c7\u03bd\u03b5\u03c2 (15 items)\">\u03a0\u03b1\u03b3\u03ba\u03bf\u03c3\u03bc\u03af\u03bf\u03c5 \u03c6\u03ae\u03bc\u03b7\u03c2 \u03ba\u03b1\u03bb\u03bb\u03b9\u03c4\u03ad\u03c7\u03bd\u03b5\u03c2<\/a>\n<a href=\"https:\/\/www.artsignsproject.eu\/platform\/el\/video-tag\/%cf%85%ce%bb%ce%b9%ce%ba%ce%ac-%cf%80%ce%bf%cf%85-%cf%87%cf%81%ce%b7%cf%83%ce%b9%ce%bc%ce%bf%cf%80%ce%bf%ce%b9%ce%bf%cf%8d%ce%bd%cf%84%ce%b1%ce%b9-%cf%83%cf%84%ce%b7%ce%bd-%cf%84%ce%ad%cf%87%ce%bd\/\" class=\"tag-cloud-link tag-link-100 tag-link-position-43\" style=\"font-size: 8pt;\" aria-label=\"\u03a5\u03bb\u03b9\u03ba\u03ac \u03c0\u03bf\u03c5 \u03c7\u03c1\u03b7\u03c3\u03b9\u03bc\u03bf\u03c0\u03bf\u03b9\u03bf\u03cd\u03bd\u03c4\u03b1\u03b9 \u03c3\u03c4\u03b7\u03bd \u03c4\u03ad\u03c7\u03bd\u03b7 (15 items)\">\u03a5\u03bb\u03b9\u03ba\u03ac \u03c0\u03bf\u03c5 \u03c7\u03c1\u03b7\u03c3\u03b9\u03bc\u03bf\u03c0\u03bf\u03b9\u03bf\u03cd\u03bd\u03c4\u03b1\u03b9 \u03c3\u03c4\u03b7\u03bd \u03c4\u03ad\u03c7\u03bd\u03b7<\/a><\/div>\n","protected":false},"excerpt":{"rendered":"","protected":false},"author":1,"featured_media":0,"parent":0,"menu_order":0,"comment_status":"closed","ping_status":"closed","template":"","meta":{"footnotes":""},"class_list":["post-1947","page","type-page","status-publish","hentry"],"_links":{"self":[{"href":"https:\/\/www.artsignsproject.eu\/platform\/wp-json\/wp\/v2\/pages\/1947","targetHints":{"allow":["GET"]}}],"collection":[{"href":"https:\/\/www.artsignsproject.eu\/platform\/wp-json\/wp\/v2\/pages"}],"about":[{"href":"https:\/\/www.artsignsproject.eu\/platform\/wp-json\/wp\/v2\/types\/page"}],"author":[{"embeddable":true,"href":"https:\/\/www.artsignsproject.eu\/platform\/wp-json\/wp\/v2\/users\/1"}],"replies":[{"embeddable":true,"href":"https:\/\/www.artsignsproject.eu\/platform\/wp-json\/wp\/v2\/comments?post=1947"}],"version-history":[{"count":1,"href":"https:\/\/www.artsignsproject.eu\/platform\/wp-json\/wp\/v2\/pages\/1947\/revisions"}],"predecessor-version":[{"id":1948,"href":"https:\/\/www.artsignsproject.eu\/platform\/wp-json\/wp\/v2\/pages\/1947\/revisions\/1948"}],"wp:attachment":[{"href":"https:\/\/www.artsignsproject.eu\/platform\/wp-json\/wp\/v2\/media?parent=1947"}],"curies":[{"name":"wp","href":"https:\/\/api.w.org\/{rel}","templated":true}]}}